{"id":2795,"date":"2024-10-10T08:45:31","date_gmt":"2024-10-10T06:45:31","guid":{"rendered":"http:\/\/lovelysmile.ch\/arbeitsweise\/"},"modified":"2025-07-09T09:34:48","modified_gmt":"2025-07-09T07:34:48","slug":"concept","status":"publish","type":"page","link":"https:\/\/lovelysmile.ch\/fr\/concept\/","title":{"rendered":"Concept"},"content":{"rendered":"\t\t<div data-elementor-type=\"wp-page\" data-elementor-id=\"2795\" class=\"elementor elementor-2795 elementor-678\" data-elementor-post-type=\"page\">\n\t\t\t\t<div class=\"elementor-element elementor-element-f403d9a e-flex e-con-boxed e-con e-parent\" data-id=\"f403d9a\" data-element_type=\"container\" data-e-type=\"container\" data-settings=\"{&quot;background_background&quot;:&quot;classic&quot;,&quot;jet_parallax_layout_list&quot;:[]}\">\n\t\t\t\t\t<div class=\"e-con-inner\">\n\t\t<div class=\"elementor-element elementor-element-a1a0087 animated-slow e-flex e-con-boxed elementor-invisible e-con e-child\" data-id=\"a1a0087\" data-element_type=\"container\" data-e-type=\"container\" data-settings=\"{&quot;background_background&quot;:&quot;classic&quot;,&quot;motion_fx_motion_fx_mouse&quot;:&quot;yes&quot;,&quot;animation&quot;:&quot;fadeIn&quot;,&quot;jet_parallax_layout_list&quot;:[],&quot;animation_widescreen&quot;:&quot;fadeIn&quot;}\">\n\t\t\t\t\t<div class=\"e-con-inner\">\n\t\t\t\t<div class=\"elementor-element elementor-element-db2fe91 elementor-widget elementor-widget-jet-breadcrumbs\" data-id=\"db2fe91\" data-element_type=\"widget\" data-e-type=\"widget\" data-widget_type=\"jet-breadcrumbs.default\">\n\t\t\t\t<div class=\"elementor-widget-container\">\n\t\t\t\t\t<div class=\"elementor-jet-breadcrumbs jet-blocks\">\n\t\t<div class=\"jet-breadcrumbs\">\n\t\t<div class=\"jet-breadcrumbs__content\">\n\t\t<div class=\"jet-breadcrumbs__wrap\"><div class=\"jet-breadcrumbs__item\"><a href=\"https:\/\/lovelysmile.ch\/fr\/\" class=\"jet-breadcrumbs__item-link is-home\" rel=\"home\" title=\"Home\">Home<\/a><\/div>\n\t\t<\/div>\n\t\t<\/div>\n\t\t<\/div><\/div>\t\t\t\t<\/div>\n\t\t\t\t<\/div>\n\t\t\t\t<div class=\"elementor-element elementor-element-614ec23 elementor-widget elementor-widget-heading\" data-id=\"614ec23\" data-element_type=\"widget\" data-e-type=\"widget\" data-widget_type=\"heading.default\">\n\t\t\t\t\t<h1 class=\"elementor-heading-title elementor-size-default\">La dentisterie repens\u00e9e<\/h1>\t\t\t\t<\/div>\n\t\t\t\t\t<\/div>\n\t\t\t\t<\/div>\n\t\t\t\t\t<\/div>\n\t\t\t\t<\/div>\n\t\t<div class=\"elementor-element elementor-element-31cf76e e-flex e-con-boxed e-con e-parent\" data-id=\"31cf76e\" data-element_type=\"container\" data-e-type=\"container\" data-settings=\"{&quot;jet_parallax_layout_list&quot;:[]}\">\n\t\t\t\t\t<div class=\"e-con-inner\">\n\t\t<div class=\"elementor-element elementor-element-94a8a0d e-con-full e-flex e-con e-child\" data-id=\"94a8a0d\" data-element_type=\"container\" data-e-type=\"container\" data-settings=\"{&quot;background_background&quot;:&quot;classic&quot;,&quot;jet_parallax_layout_list&quot;:[]}\">\n\t\t\t\t<\/div>\n\t\t\t\t\t<\/div>\n\t\t\t\t<\/div>\n\t\t<div class=\"elementor-element elementor-element-9af7536 box e-flex e-con-boxed e-con e-parent\" data-id=\"9af7536\" data-element_type=\"container\" data-e-type=\"container\" data-settings=\"{&quot;jet_parallax_layout_list&quot;:[]}\">\n\t\t\t\t\t<div class=\"e-con-inner\">\n\t\t\t\t<div class=\"elementor-element elementor-element-7cb0191 elementor-widget elementor-widget-text-editor\" data-id=\"7cb0191\" data-element_type=\"widget\" data-e-type=\"widget\" data-widget_type=\"text-editor.default\">\n\t\t\t\t\t\t\t\t\t<p>Chez Lovely Smile, nous empruntons de nouvelles voies. Notre concept est bas\u00e9 sur la pr\u00e9vention et la d\u00e9tection pr\u00e9coce des probl\u00e8mes dentaires.  Nous pouvons ainsi conserver vos dents saines, intactes et naturellement belles \u00e0 long terme, sans interventions douloureuses comme les plombages, les traitements de racines ou les couronnes. Nous \u00e9vitons ainsi des douleurs inutiles et des traitements complexes et co\u00fbteux. Vous \u00e9conomisez ainsi du temps, de l&rsquo;argent et de nombreuses visites d\u00e9sagr\u00e9ables chez le dentiste.  &nbsp;<\/p>\n\t\t\t\t\t\t\t\t<\/div>\n\t\t\t\t\t<\/div>\n\t\t\t\t<\/div>\n\t\t<div class=\"elementor-element elementor-element-d9e2605 e-flex e-con-boxed e-con e-parent\" data-id=\"d9e2605\" data-element_type=\"container\" data-e-type=\"container\" data-settings=\"{&quot;jet_parallax_layout_list&quot;:[]}\">\n\t\t\t\t\t<div class=\"e-con-inner\">\n\t\t<div class=\"elementor-element elementor-element-fdb9212 e-con-full e-flex e-con e-child\" data-id=\"fdb9212\" data-element_type=\"container\" data-e-type=\"container\" data-settings=\"{&quot;jet_parallax_layout_list&quot;:[]}\">\n\t\t\t\t<div class=\"elementor-element elementor-element-0380868 elementor-widget elementor-widget-image\" data-id=\"0380868\" data-element_type=\"widget\" data-e-type=\"widget\" data-widget_type=\"image.default\">\n\t\t\t\t\t\t\t\t\t\t\t\t\t\t\t<img fetchpriority=\"high\" decoding=\"async\" width=\"300\" height=\"300\" src=\"https:\/\/lovelysmile.ch\/wp-content\/uploads\/2024\/11\/Lovely-Smile-Dr-Ivo-Krejci-2.png\" class=\"attachment-large size-large wp-image-3632\" alt=\"\" srcset=\"https:\/\/lovelysmile.ch\/wp-content\/uploads\/2024\/11\/Lovely-Smile-Dr-Ivo-Krejci-2.png 300w, https:\/\/lovelysmile.ch\/wp-content\/uploads\/2024\/11\/Lovely-Smile-Dr-Ivo-Krejci-2-150x150.png 150w\" sizes=\"(max-width: 300px) 100vw, 300px\" \/>\t\t\t\t\t\t\t\t\t\t\t\t\t\t\t<\/div>\n\t\t\t\t<\/div>\n\t\t<div class=\"elementor-element elementor-element-68252fe e-con-full e-flex e-con e-child\" data-id=\"68252fe\" data-element_type=\"container\" data-e-type=\"container\" data-settings=\"{&quot;jet_parallax_layout_list&quot;:[]}\">\n\t\t\t\t<div class=\"elementor-element elementor-element-e1deafd elementor-widget elementor-widget-heading\" data-id=\"e1deafd\" data-element_type=\"widget\" data-e-type=\"widget\" data-widget_type=\"heading.default\">\n\t\t\t\t\t<h3 class=\"elementor-heading-title elementor-size-default\">\"Pour moi, Lovely Smile est la dentisterie du 21e si\u00e8cle - douce, pr\u00e9cise, personnalis\u00e9e, \u00e9conomique et exactement comme je la souhaite pour moi et ma famille\".<\/h3>\t\t\t\t<\/div>\n\t\t\t\t<div class=\"elementor-element elementor-element-f4fa90d elementor-widget elementor-widget-heading\" data-id=\"f4fa90d\" data-element_type=\"widget\" data-e-type=\"widget\" data-widget_type=\"heading.default\">\n\t\t\t\t\t<h4 class=\"elementor-heading-title elementor-size-default\">Ivo Krejci, professeur<\/h4>\t\t\t\t<\/div>\n\t\t\t\t<div class=\"elementor-element elementor-element-149f77d elementor-widget elementor-widget-text-editor\" data-id=\"149f77d\" data-element_type=\"widget\" data-e-type=\"widget\" data-widget_type=\"text-editor.default\">\n\t\t\t\t\t\t\t\t\t<p>Co-fondateur de Lovely Smile et ancien pr\u00e9sident des Cliniques de m\u00e9decine dentaire de l&rsquo;Universit\u00e9 de Gen\u00e8ve.<\/p>\n\t\t\t\t\t\t\t\t<\/div>\n\t\t\t\t<\/div>\n\t\t\t\t\t<\/div>\n\t\t\t\t<\/div>\n\t\t<div class=\"elementor-element elementor-element-ade98b3 box e-flex e-con-boxed e-con e-parent\" data-id=\"ade98b3\" data-element_type=\"container\" data-e-type=\"container\" data-settings=\"{&quot;jet_parallax_layout_list&quot;:[]}\">\n\t\t\t\t\t<div class=\"e-con-inner\">\n\t\t\t\t<div class=\"elementor-element elementor-element-ff50748 elementor-widget elementor-widget-heading\" data-id=\"ff50748\" data-element_type=\"widget\" data-e-type=\"widget\" data-widget_type=\"heading.default\">\n\t\t\t\t\t<h2 class=\"elementor-heading-title elementor-size-default\">Nos valeurs<\/h2>\t\t\t\t<\/div>\n\t\t\t\t<div class=\"elementor-element elementor-element-3392e14 elementor-widget elementor-widget-text-editor\" data-id=\"3392e14\" data-element_type=\"widget\" data-e-type=\"widget\" data-widget_type=\"text-editor.default\">\n\t\t\t\t\t\t\t\t\t<p class=\"p1\"><span class=\"s1\">Chez Lovely Smile, nous sommes convaincus que chaque personne m\u00e9rite des soins dentaires personnalis\u00e9s, empathiques et de haute qualit\u00e9. En tant que patient(e), vous faites partie de notre famille Lovely Smile &#8211; et nous nous occupons de vous comme si vous \u00e9tiez un membre de la famille. Nos valeurs impr\u00e8gnent nos actions au quotidien :  <\/span><\/p>\n\t\t\t\t\t\t\t\t<\/div>\n\t\t<div class=\"elementor-element elementor-element-1802f4f e-grid e-con-full e-con e-child\" data-id=\"1802f4f\" data-element_type=\"container\" data-e-type=\"container\" data-settings=\"{&quot;jet_parallax_layout_list&quot;:[]}\">\n\t\t<div class=\"elementor-element elementor-element-f72ff83 e-con-full e-flex e-con e-child\" data-id=\"f72ff83\" data-element_type=\"container\" data-e-type=\"container\" data-settings=\"{&quot;background_background&quot;:&quot;classic&quot;,&quot;jet_parallax_layout_list&quot;:[]}\">\n\t\t\t\t<div class=\"elementor-element elementor-element-1a72d23 elementor-widget elementor-widget-heading\" data-id=\"1a72d23\" data-element_type=\"widget\" data-e-type=\"widget\" data-widget_type=\"heading.default\">\n\t\t\t\t\t<h2 class=\"elementor-heading-title elementor-size-default\">Fiabilit\u00e9<\/h2>\t\t\t\t<\/div>\n\t\t\t\t<\/div>\n\t\t<div class=\"elementor-element elementor-element-ee122a7 e-con-full e-flex e-con e-child\" data-id=\"ee122a7\" data-element_type=\"container\" data-e-type=\"container\" data-settings=\"{&quot;background_background&quot;:&quot;classic&quot;,&quot;jet_parallax_layout_list&quot;:[]}\">\n\t\t\t\t<div class=\"elementor-element elementor-element-8039614 elementor-widget elementor-widget-heading\" data-id=\"8039614\" data-element_type=\"widget\" data-e-type=\"widget\" data-widget_type=\"heading.default\">\n\t\t\t\t\t<h2 class=\"elementor-heading-title elementor-size-default\">Progr\u00e8s<\/h2>\t\t\t\t<\/div>\n\t\t\t\t<\/div>\n\t\t<div class=\"elementor-element elementor-element-9b9bffb e-con-full e-flex e-con e-child\" data-id=\"9b9bffb\" data-element_type=\"container\" data-e-type=\"container\" data-settings=\"{&quot;background_background&quot;:&quot;classic&quot;,&quot;jet_parallax_layout_list&quot;:[]}\">\n\t\t\t\t<div class=\"elementor-element elementor-element-83ee13b elementor-widget elementor-widget-heading\" data-id=\"83ee13b\" data-element_type=\"widget\" data-e-type=\"widget\" data-widget_type=\"heading.default\">\n\t\t\t\t\t<h2 class=\"elementor-heading-title elementor-size-default\">Honn\u00eatet\u00e9<\/h2>\t\t\t\t<\/div>\n\t\t\t\t<\/div>\n\t\t<div class=\"elementor-element elementor-element-a669644 e-con-full e-flex e-con e-child\" data-id=\"a669644\" data-element_type=\"container\" data-e-type=\"container\" data-settings=\"{&quot;background_background&quot;:&quot;classic&quot;,&quot;jet_parallax_layout_list&quot;:[]}\">\n\t\t\t\t<div class=\"elementor-element elementor-element-b40c502 elementor-widget elementor-widget-heading\" data-id=\"b40c502\" data-element_type=\"widget\" data-e-type=\"widget\" data-widget_type=\"heading.default\">\n\t\t\t\t\t<h2 class=\"elementor-heading-title elementor-size-default\">Soin<\/h2>\t\t\t\t<\/div>\n\t\t\t\t<\/div>\n\t\t\t\t<\/div>\n\t\t\t\t\t<\/div>\n\t\t\t\t<\/div>\n\t\t<div class=\"elementor-element elementor-element-b2dd40c box e-flex e-con-boxed e-con e-parent\" data-id=\"b2dd40c\" data-element_type=\"container\" data-e-type=\"container\" data-settings=\"{&quot;jet_parallax_layout_list&quot;:[]}\">\n\t\t\t\t\t<div class=\"e-con-inner\">\n\t\t\t\t<div class=\"elementor-element elementor-element-4958e38 elementor-widget elementor-widget-text-editor\" data-id=\"4958e38\" data-element_type=\"widget\" data-e-type=\"widget\" data-widget_type=\"text-editor.default\">\n\t\t\t\t\t\t\t\t\t<p>Le soin est notre priorit\u00e9 &#8211; du premier examen au traitement non invasif en passant par le programme de pr\u00e9vention personnalis\u00e9, nous vous suivons avec la plus grande attention possible. Nous veillons ainsi \u00e0 ce que votre sant\u00e9 dentaire soit prot\u00e9g\u00e9e au mieux. <\/p>\n<p>Notre action se caract\u00e9rise par l&rsquo;honn\u00eatet\u00e9 et la transparence. Avec nous, vous comprendrez toujours exactement ce que nous faisons et pourquoi nous le faisons. Gr\u00e2ce \u00e0 une technologie de pointe, \u00e0 une r\u00e9flexion innovante et \u00e0 une formation continue, nous restons \u00e0 la pointe du progr\u00e8s afin de toujours vous offrir le meilleur encadrement possible avec le meilleur rapport co\u00fbt\/b\u00e9n\u00e9fice.  <\/p>\n\t\t\t\t\t\t\t\t<\/div>\n\t\t\t\t\t<\/div>\n\t\t\t\t<\/div>\n\t\t<div class=\"elementor-element elementor-element-db5cece box e-flex e-con-boxed e-con e-parent\" data-id=\"db5cece\" data-element_type=\"container\" data-e-type=\"container\" data-settings=\"{&quot;jet_parallax_layout_list&quot;:[]}\">\n\t\t\t\t\t<div class=\"e-con-inner\">\n\t\t<div class=\"elementor-element elementor-element-c5e23c0 e-con-full e-flex e-con e-child\" data-id=\"c5e23c0\" data-element_type=\"container\" data-e-type=\"container\" data-settings=\"{&quot;jet_parallax_layout_list&quot;:[]}\">\n\t\t\t\t<div class=\"elementor-element elementor-element-795d20c elementor-absolute pulsating-block elementor-hidden-mobile elementor-widget elementor-widget-image\" data-id=\"795d20c\" data-element_type=\"widget\" data-e-type=\"widget\" data-settings=\"{&quot;_position&quot;:&quot;absolute&quot;}\" data-widget_type=\"image.default\">\n\t\t\t\t\t\t\t\t\t\t\t\t\t\t\t<img decoding=\"async\" width=\"1\" height=\"1\" src=\"https:\/\/lovelysmile.ch\/wp-content\/uploads\/2024\/10\/funkelnd-2-2.svg\" class=\"attachment-large size-large wp-image-266\" alt=\"\" \/>\t\t\t\t\t\t\t\t\t\t\t\t\t\t\t<\/div>\n\t\t\t\t<div class=\"elementor-element elementor-element-8eb2f26 elementor-widget elementor-widget-heading\" data-id=\"8eb2f26\" data-element_type=\"widget\" data-e-type=\"widget\" data-widget_type=\"heading.default\">\n\t\t\t\t\t<h2 class=\"elementor-heading-title elementor-size-default\">10 raisons pour<br>Lovely Smile<\/h2>\t\t\t\t<\/div>\n\t\t\t\t<div class=\"elementor-element elementor-element-4c8de77 animated-slow elementor-align-center elementor-invisible elementor-widget elementor-widget-button\" data-id=\"4c8de77\" data-element_type=\"widget\" data-e-type=\"widget\" data-settings=\"{&quot;_animation&quot;:&quot;fadeInUp&quot;}\" data-widget_type=\"button.default\">\n\t\t\t\t\t\t\t\t\t\t<a class=\"elementor-button elementor-button-link elementor-size-sm\" href=\"https:\/\/lovelysmile.ch\/fr\/avantages\/\" target=\"_blank\" rel=\"nofollow\">\n\t\t\t\t\t\t<span class=\"elementor-button-content-wrapper\">\n\t\t\t\t\t\t\t\t\t<span class=\"elementor-button-text\">D\u00e9couvrir maintenant<\/span>\n\t\t\t\t\t<\/span>\n\t\t\t\t\t<\/a>\n\t\t\t\t\t\t\t\t<\/div>\n\t\t\t\t<div class=\"elementor-element elementor-element-0175318 elementor-absolute pulsating-block elementor-widget elementor-widget-image\" data-id=\"0175318\" data-element_type=\"widget\" data-e-type=\"widget\" data-settings=\"{&quot;_position&quot;:&quot;absolute&quot;}\" data-widget_type=\"image.default\">\n\t\t\t\t\t\t\t\t\t\t\t\t\t\t\t<img decoding=\"async\" width=\"1\" height=\"1\" src=\"https:\/\/lovelysmile.ch\/wp-content\/uploads\/2024\/10\/funkelnd-5.svg\" class=\"attachment-large size-large wp-image-271\" alt=\"\" \/>\t\t\t\t\t\t\t\t\t\t\t\t\t\t\t<\/div>\n\t\t\t\t<div class=\"elementor-element elementor-element-15d99eb elementor-absolute pulsating-block elementor-widget elementor-widget-image\" data-id=\"15d99eb\" data-element_type=\"widget\" data-e-type=\"widget\" data-settings=\"{&quot;_position&quot;:&quot;absolute&quot;}\" data-widget_type=\"image.default\">\n\t\t\t\t\t\t\t\t\t\t\t\t\t\t\t<img loading=\"lazy\" decoding=\"async\" width=\"1\" height=\"1\" src=\"https:\/\/lovelysmile.ch\/wp-content\/uploads\/2024\/10\/Vector-4.svg\" class=\"attachment-large size-large wp-image-273\" alt=\"\" \/>\t\t\t\t\t\t\t\t\t\t\t\t\t\t\t<\/div>\n\t\t\t\t<\/div>\n\t\t\t\t\t<\/div>\n\t\t\t\t<\/div>\n\t\t\t\t<\/div>\n\t\t","protected":false},"excerpt":{"rendered":"<p>Home La dentisterie repens\u00e9e Chez Lovely Smile, nous empruntons de nouvelles voies. Notre concept est bas\u00e9 sur la pr\u00e9vention et la d\u00e9tection pr\u00e9coce des probl\u00e8mes dentaires. Nous pouvons ainsi conserver vos dents saines, intactes et naturellement belles \u00e0 long terme, sans interventions douloureuses comme les plombages, les traitements de racines ou les couronnes. Nous \u00e9vitons [&hellip;]<\/p>\n","protected":false},"author":1,"featured_media":4409,"parent":0,"menu_order":0,"comment_status":"closed","ping_status":"closed","template":"elementor_header_footer","meta":{"inline_featured_image":false,"footnotes":""},"class_list":["post-2795","page","type-page","status-publish","has-post-thumbnail","hentry"],"yoast_head":"<!-- This site is optimized with the Yoast SEO plugin v27.2 - https:\/\/yoast.com\/product\/yoast-seo-wordpress\/ -->\n<title>Concept - Lovely Smile<\/title>\n<meta name=\"description\" content=\"Chez Lovely Smile, nous empruntons de nouvelles voies. Notre concept est bas\u00e9 sur la pr\u00e9vention et la d\u00e9tection pr\u00e9coce des probl\u00e8mes dentaires.\" \/>\n<meta name=\"robots\" content=\"index, follow, max-snippet:-1, max-image-preview:large, max-video-preview:-1\" \/>\n<link rel=\"canonical\" href=\"https:\/\/lovelysmile.ch\/fr\/concept\/\" \/>\n<meta property=\"og:locale\" content=\"fr_FR\" \/>\n<meta property=\"og:type\" content=\"article\" \/>\n<meta property=\"og:title\" content=\"Concept - Lovely Smile\" \/>\n<meta property=\"og:description\" content=\"Chez Lovely Smile, nous empruntons de nouvelles voies. Notre concept est bas\u00e9 sur la pr\u00e9vention et la d\u00e9tection pr\u00e9coce des probl\u00e8mes dentaires.\" \/>\n<meta property=\"og:url\" content=\"https:\/\/lovelysmile.ch\/fr\/concept\/\" \/>\n<meta property=\"og:site_name\" content=\"Lovely Smile\" \/>\n<meta property=\"article:publisher\" content=\"https:\/\/www.facebook.com\/lovelysmile.ch\" \/>\n<meta property=\"article:modified_time\" content=\"2025-07-09T07:34:48+00:00\" \/>\n<meta property=\"og:image\" content=\"https:\/\/lovelysmile.ch\/wp-content\/uploads\/2024\/11\/LovelySmile-OGImage.png\" \/>\n\t<meta property=\"og:image:width\" content=\"1920\" \/>\n\t<meta property=\"og:image:height\" content=\"1080\" \/>\n\t<meta property=\"og:image:type\" content=\"image\/png\" \/>\n<meta name=\"twitter:card\" content=\"summary_large_image\" \/>\n<meta name=\"twitter:label1\" content=\"Dur\u00e9e de lecture estim\u00e9e\" \/>\n\t<meta name=\"twitter:data1\" content=\"3 minutes\" \/>\n<script type=\"application\/ld+json\" class=\"yoast-schema-graph\">{\"@context\":\"https:\/\/schema.org\",\"@graph\":[{\"@type\":\"WebPage\",\"@id\":\"https:\/\/lovelysmile.ch\/fr\/concept\/\",\"url\":\"https:\/\/lovelysmile.ch\/fr\/concept\/\",\"name\":\"Concept - Lovely Smile\",\"isPartOf\":{\"@id\":\"https:\/\/lovelysmile.ch\/fr\/#website\"},\"primaryImageOfPage\":{\"@id\":\"https:\/\/lovelysmile.ch\/fr\/concept\/#primaryimage\"},\"image\":{\"@id\":\"https:\/\/lovelysmile.ch\/fr\/concept\/#primaryimage\"},\"thumbnailUrl\":\"https:\/\/lovelysmile.ch\/wp-content\/uploads\/2024\/11\/LovelySmile-OGImage.png\",\"datePublished\":\"2024-10-10T06:45:31+00:00\",\"dateModified\":\"2025-07-09T07:34:48+00:00\",\"description\":\"Chez Lovely Smile, nous empruntons de nouvelles voies. Notre concept est bas\u00e9 sur la pr\u00e9vention et la d\u00e9tection pr\u00e9coce des probl\u00e8mes dentaires.\",\"breadcrumb\":{\"@id\":\"https:\/\/lovelysmile.ch\/fr\/concept\/#breadcrumb\"},\"inLanguage\":\"fr-FR\",\"potentialAction\":[{\"@type\":\"ReadAction\",\"target\":[\"https:\/\/lovelysmile.ch\/fr\/concept\/\"]}]},{\"@type\":\"ImageObject\",\"inLanguage\":\"fr-FR\",\"@id\":\"https:\/\/lovelysmile.ch\/fr\/concept\/#primaryimage\",\"url\":\"https:\/\/lovelysmile.ch\/wp-content\/uploads\/2024\/11\/LovelySmile-OGImage.png\",\"contentUrl\":\"https:\/\/lovelysmile.ch\/wp-content\/uploads\/2024\/11\/LovelySmile-OGImage.png\",\"width\":1920,\"height\":1080,\"caption\":\"Lovely Smile\"},{\"@type\":\"BreadcrumbList\",\"@id\":\"https:\/\/lovelysmile.ch\/fr\/concept\/#breadcrumb\",\"itemListElement\":[{\"@type\":\"ListItem\",\"position\":1,\"name\":\"Home\",\"item\":\"https:\/\/lovelysmile.ch\/fr\/\"},{\"@type\":\"ListItem\",\"position\":2,\"name\":\"Concept\"}]},{\"@type\":\"WebSite\",\"@id\":\"https:\/\/lovelysmile.ch\/fr\/#website\",\"url\":\"https:\/\/lovelysmile.ch\/fr\/\",\"name\":\"Lovely Smile\",\"description\":\"Wir stellen Zahnmedizin auf den Kopf\",\"publisher\":{\"@id\":\"https:\/\/lovelysmile.ch\/fr\/#organization\"},\"potentialAction\":[{\"@type\":\"SearchAction\",\"target\":{\"@type\":\"EntryPoint\",\"urlTemplate\":\"https:\/\/lovelysmile.ch\/fr\/?s={search_term_string}\"},\"query-input\":{\"@type\":\"PropertyValueSpecification\",\"valueRequired\":true,\"valueName\":\"search_term_string\"}}],\"inLanguage\":\"fr-FR\"},{\"@type\":\"Organization\",\"@id\":\"https:\/\/lovelysmile.ch\/fr\/#organization\",\"name\":\"Lovely Smile\",\"url\":\"https:\/\/lovelysmile.ch\/fr\/\",\"logo\":{\"@type\":\"ImageObject\",\"inLanguage\":\"fr-FR\",\"@id\":\"https:\/\/lovelysmile.ch\/fr\/#\/schema\/logo\/image\/\",\"url\":\"https:\/\/lovelysmile.ch\/wp-content\/uploads\/2024\/10\/LovelySmile_Logo_Horizontal-1.svg\",\"contentUrl\":\"https:\/\/lovelysmile.ch\/wp-content\/uploads\/2024\/10\/LovelySmile_Logo_Horizontal-1.svg\",\"width\":310,\"height\":65,\"caption\":\"Lovely Smile\"},\"image\":{\"@id\":\"https:\/\/lovelysmile.ch\/fr\/#\/schema\/logo\/image\/\"},\"sameAs\":[\"https:\/\/www.facebook.com\/lovelysmile.ch\",\"https:\/\/www.instagram.com\/lovelysmile\"]}]}<\/script>\n<!-- \/ Yoast SEO plugin. -->","yoast_head_json":{"title":"Concept - Lovely Smile","description":"Chez Lovely Smile, nous empruntons de nouvelles voies. Notre concept est bas\u00e9 sur la pr\u00e9vention et la d\u00e9tection pr\u00e9coce des probl\u00e8mes dentaires.","robots":{"index":"index","follow":"follow","max-snippet":"max-snippet:-1","max-image-preview":"max-image-preview:large","max-video-preview":"max-video-preview:-1"},"canonical":"https:\/\/lovelysmile.ch\/fr\/concept\/","og_locale":"fr_FR","og_type":"article","og_title":"Concept - Lovely Smile","og_description":"Chez Lovely Smile, nous empruntons de nouvelles voies. Notre concept est bas\u00e9 sur la pr\u00e9vention et la d\u00e9tection pr\u00e9coce des probl\u00e8mes dentaires.","og_url":"https:\/\/lovelysmile.ch\/fr\/concept\/","og_site_name":"Lovely Smile","article_publisher":"https:\/\/www.facebook.com\/lovelysmile.ch","article_modified_time":"2025-07-09T07:34:48+00:00","og_image":[{"width":1920,"height":1080,"url":"https:\/\/lovelysmile.ch\/wp-content\/uploads\/2024\/11\/LovelySmile-OGImage.png","type":"image\/png"}],"twitter_card":"summary_large_image","twitter_misc":{"Dur\u00e9e de lecture estim\u00e9e":"3 minutes"},"schema":{"@context":"https:\/\/schema.org","@graph":[{"@type":"WebPage","@id":"https:\/\/lovelysmile.ch\/fr\/concept\/","url":"https:\/\/lovelysmile.ch\/fr\/concept\/","name":"Concept - Lovely Smile","isPartOf":{"@id":"https:\/\/lovelysmile.ch\/fr\/#website"},"primaryImageOfPage":{"@id":"https:\/\/lovelysmile.ch\/fr\/concept\/#primaryimage"},"image":{"@id":"https:\/\/lovelysmile.ch\/fr\/concept\/#primaryimage"},"thumbnailUrl":"https:\/\/lovelysmile.ch\/wp-content\/uploads\/2024\/11\/LovelySmile-OGImage.png","datePublished":"2024-10-10T06:45:31+00:00","dateModified":"2025-07-09T07:34:48+00:00","description":"Chez Lovely Smile, nous empruntons de nouvelles voies. Notre concept est bas\u00e9 sur la pr\u00e9vention et la d\u00e9tection pr\u00e9coce des probl\u00e8mes dentaires.","breadcrumb":{"@id":"https:\/\/lovelysmile.ch\/fr\/concept\/#breadcrumb"},"inLanguage":"fr-FR","potentialAction":[{"@type":"ReadAction","target":["https:\/\/lovelysmile.ch\/fr\/concept\/"]}]},{"@type":"ImageObject","inLanguage":"fr-FR","@id":"https:\/\/lovelysmile.ch\/fr\/concept\/#primaryimage","url":"https:\/\/lovelysmile.ch\/wp-content\/uploads\/2024\/11\/LovelySmile-OGImage.png","contentUrl":"https:\/\/lovelysmile.ch\/wp-content\/uploads\/2024\/11\/LovelySmile-OGImage.png","width":1920,"height":1080,"caption":"Lovely Smile"},{"@type":"BreadcrumbList","@id":"https:\/\/lovelysmile.ch\/fr\/concept\/#breadcrumb","itemListElement":[{"@type":"ListItem","position":1,"name":"Home","item":"https:\/\/lovelysmile.ch\/fr\/"},{"@type":"ListItem","position":2,"name":"Concept"}]},{"@type":"WebSite","@id":"https:\/\/lovelysmile.ch\/fr\/#website","url":"https:\/\/lovelysmile.ch\/fr\/","name":"Lovely Smile","description":"Wir stellen Zahnmedizin auf den Kopf","publisher":{"@id":"https:\/\/lovelysmile.ch\/fr\/#organization"},"potentialAction":[{"@type":"SearchAction","target":{"@type":"EntryPoint","urlTemplate":"https:\/\/lovelysmile.ch\/fr\/?s={search_term_string}"},"query-input":{"@type":"PropertyValueSpecification","valueRequired":true,"valueName":"search_term_string"}}],"inLanguage":"fr-FR"},{"@type":"Organization","@id":"https:\/\/lovelysmile.ch\/fr\/#organization","name":"Lovely Smile","url":"https:\/\/lovelysmile.ch\/fr\/","logo":{"@type":"ImageObject","inLanguage":"fr-FR","@id":"https:\/\/lovelysmile.ch\/fr\/#\/schema\/logo\/image\/","url":"https:\/\/lovelysmile.ch\/wp-content\/uploads\/2024\/10\/LovelySmile_Logo_Horizontal-1.svg","contentUrl":"https:\/\/lovelysmile.ch\/wp-content\/uploads\/2024\/10\/LovelySmile_Logo_Horizontal-1.svg","width":310,"height":65,"caption":"Lovely Smile"},"image":{"@id":"https:\/\/lovelysmile.ch\/fr\/#\/schema\/logo\/image\/"},"sameAs":["https:\/\/www.facebook.com\/lovelysmile.ch","https:\/\/www.instagram.com\/lovelysmile"]}]}},"_links":{"self":[{"href":"https:\/\/lovelysmile.ch\/fr\/wp-json\/wp\/v2\/pages\/2795","targetHints":{"allow":["GET"]}}],"collection":[{"href":"https:\/\/lovelysmile.ch\/fr\/wp-json\/wp\/v2\/pages"}],"about":[{"href":"https:\/\/lovelysmile.ch\/fr\/wp-json\/wp\/v2\/types\/page"}],"author":[{"embeddable":true,"href":"https:\/\/lovelysmile.ch\/fr\/wp-json\/wp\/v2\/users\/1"}],"replies":[{"embeddable":true,"href":"https:\/\/lovelysmile.ch\/fr\/wp-json\/wp\/v2\/comments?post=2795"}],"version-history":[{"count":11,"href":"https:\/\/lovelysmile.ch\/fr\/wp-json\/wp\/v2\/pages\/2795\/revisions"}],"predecessor-version":[{"id":6669,"href":"https:\/\/lovelysmile.ch\/fr\/wp-json\/wp\/v2\/pages\/2795\/revisions\/6669"}],"wp:featuredmedia":[{"embeddable":true,"href":"https:\/\/lovelysmile.ch\/fr\/wp-json\/wp\/v2\/media\/4409"}],"wp:attachment":[{"href":"https:\/\/lovelysmile.ch\/fr\/wp-json\/wp\/v2\/media?parent=2795"}],"curies":[{"name":"wp","href":"https:\/\/api.w.org\/{rel}","templated":true}]}}