{"id":2773,"date":"2024-10-18T10:11:36","date_gmt":"2024-10-18T08:11:36","guid":{"rendered":"http:\/\/lovelysmile.ch\/impressum\/"},"modified":"2024-11-22T13:24:22","modified_gmt":"2024-11-22T12:24:22","slug":"mentions-legales","status":"publish","type":"page","link":"https:\/\/lovelysmile.ch\/fr\/mentions-legales\/","title":{"rendered":"Mentions l\u00e9gales"},"content":{"rendered":"\n<h3 class=\"wp-block-heading\">Adresse de contact<\/h3>\n\n<p><\/p>\n\n<p>Lovely Smile Bern<br\/>REGUS<br\/>Schanzenstrasse 4a<br\/>3008 Bern<br\/><a href=\"mailto:info@lovelysmile.ch\">info@lovelysmile.ch<\/a><br\/><\/p>\n\n<p>  <\/p>\n\n<p><\/p>\n\n<h3 class=\"wp-block-heading\">Conception, design et r\u00e9alisation<\/h3>\n\n<p>Newsroom Communication AG<br\/>Scheibenstrasse 25<br\/>3014 Bern<br\/><a href=\"http:\/\/www.newsroom.co\">newsroom.co<\/a><\/p>\n\n<p>  <\/p>\n\n<p><\/p>\n\n<h4 class=\"wp-block-heading\">Clause de non-responsabilit\u00e9<\/h4>\n\n<p>L&rsquo;auteur n&rsquo;assume aucune responsabilit\u00e9 quant \u00e0 la v\u00e9racit\u00e9, l&rsquo;exactitude, l&rsquo;actualit\u00e9, la fiabilit\u00e9 et l&rsquo;exhaustivit\u00e9 du contenu des informations.<\/p>\n\n<p>L&rsquo;auteur ne saurait \u00eatre tenu pour responsable des dommages mat\u00e9riels ou immat\u00e9riels qui pourraient \u00eatre caus\u00e9s par l&rsquo;acc\u00e8s aux informations diffus\u00e9es ou par leur utilisation ou non-utilisation, par le mauvais usage de la connexion ou par des probl\u00e8mes techniques.<\/p>\n\n<p>Toutes les offres sont sans engagement. L&rsquo;auteur se r\u00e9serve express\u00e9ment le droit de modifier, de compl\u00e9ter ou de supprimer des parties de pages ou l&rsquo;ensemble de l&rsquo;offre sans pr\u00e9avis particulier, ou d&rsquo;en suspendre temporairement ou d\u00e9finitivement la publication. <\/p>\n\n<h4 class=\"wp-block-heading\">Clause de non-responsabilit\u00e9 pour les liens<\/h4>\n\n<p>Les renvois et liens vers des sites web de tiers ne rel\u00e8vent pas de notre responsabilit\u00e9. Nous d\u00e9clinons toute responsabilit\u00e9 pour de tels sites web. L&rsquo;acc\u00e8s \u00e0 de tels sites et leur utilisation se font aux risques et p\u00e9rils de l&rsquo;utilisateur.  <\/p>\n\n<h4 class=\"wp-block-heading\">Droits d&rsquo;auteur<\/h4>\n\n<p>Les droits d&rsquo;auteur et tous les autres droits li\u00e9s aux contenus, images, photos ou autres fichiers pr\u00e9sents sur ce site web sont la propri\u00e9t\u00e9 exclusive de Lovely Smile ou des titulaires de droits sp\u00e9cialement cit\u00e9s. Pour la reproduction de tout \u00e9l\u00e9ment, l&rsquo;autorisation \u00e9crite du d\u00e9tenteur des droits d&rsquo;auteur doit \u00eatre obtenue au pr\u00e9alable. <\/p>\n\n<p><\/p>\n","protected":false},"excerpt":{"rendered":"<p>Adresse de contact Lovely Smile BernREGUSSchanzenstrasse 4a3008 Berninfo@lovelysmile.ch Conception, design et r\u00e9alisation Newsroom Communication AGScheibenstrasse 253014 Bernnewsroom.co Clause de non-responsabilit\u00e9 L&rsquo;auteur n&rsquo;assume aucune responsabilit\u00e9 quant \u00e0 la v\u00e9racit\u00e9, l&rsquo;exactitude, l&rsquo;actualit\u00e9, la fiabilit\u00e9 et l&rsquo;exhaustivit\u00e9 du contenu des informations. L&rsquo;auteur ne saurait \u00eatre tenu pour responsable des dommages mat\u00e9riels ou immat\u00e9riels qui pourraient \u00eatre caus\u00e9s par [&hellip;]<\/p>\n","protected":false},"author":1,"featured_media":0,"parent":0,"menu_order":0,"comment_status":"closed","ping_status":"closed","template":"","meta":{"inline_featured_image":false,"footnotes":""},"class_list":["post-2773","page","type-page","status-publish","hentry"],"yoast_head":"<!-- This site is optimized with the Yoast SEO plugin v27.2 - https:\/\/yoast.com\/product\/yoast-seo-wordpress\/ -->\n<title>Mentions l\u00e9gales - Lovely Smile<\/title>\n<meta name=\"robots\" content=\"index, follow, max-snippet:-1, max-image-preview:large, max-video-preview:-1\" \/>\n<link rel=\"canonical\" href=\"https:\/\/lovelysmile.ch\/fr\/mentions-legales\/\" \/>\n<meta property=\"og:locale\" content=\"fr_FR\" \/>\n<meta property=\"og:type\" content=\"article\" \/>\n<meta property=\"og:title\" content=\"Mentions l\u00e9gales - Lovely Smile\" \/>\n<meta property=\"og:description\" content=\"Adresse de contact Lovely Smile BernREGUSSchanzenstrasse 4a3008 Berninfo@lovelysmile.ch Conception, design et r\u00e9alisation Newsroom Communication AGScheibenstrasse 253014 Bernnewsroom.co Clause de non-responsabilit\u00e9 L&rsquo;auteur n&rsquo;assume aucune responsabilit\u00e9 quant \u00e0 la v\u00e9racit\u00e9, l&rsquo;exactitude, l&rsquo;actualit\u00e9, la fiabilit\u00e9 et l&rsquo;exhaustivit\u00e9 du contenu des informations. L&rsquo;auteur ne saurait \u00eatre tenu pour responsable des dommages mat\u00e9riels ou immat\u00e9riels qui pourraient \u00eatre caus\u00e9s par [&hellip;]\" \/>\n<meta property=\"og:url\" content=\"https:\/\/lovelysmile.ch\/fr\/mentions-legales\/\" \/>\n<meta property=\"og:site_name\" content=\"Lovely Smile\" \/>\n<meta property=\"article:publisher\" content=\"https:\/\/www.facebook.com\/lovelysmile.ch\" \/>\n<meta property=\"article:modified_time\" content=\"2024-11-22T12:24:22+00:00\" \/>\n<meta property=\"og:image\" content=\"https:\/\/lovelysmile.ch\/wp-content\/uploads\/2024\/11\/LovelySmile-OGImage.png\" \/>\n\t<meta property=\"og:image:width\" content=\"1920\" \/>\n\t<meta property=\"og:image:height\" content=\"1080\" \/>\n\t<meta property=\"og:image:type\" content=\"image\/png\" \/>\n<meta name=\"twitter:card\" content=\"summary_large_image\" \/>\n<meta name=\"twitter:label1\" content=\"Dur\u00e9e de lecture estim\u00e9e\" \/>\n\t<meta name=\"twitter:data1\" content=\"2 minutes\" \/>\n<script type=\"application\/ld+json\" class=\"yoast-schema-graph\">{\"@context\":\"https:\/\/schema.org\",\"@graph\":[{\"@type\":\"WebPage\",\"@id\":\"https:\/\/lovelysmile.ch\/fr\/mentions-legales\/\",\"url\":\"https:\/\/lovelysmile.ch\/fr\/mentions-legales\/\",\"name\":\"Mentions l\u00e9gales - Lovely Smile\",\"isPartOf\":{\"@id\":\"https:\/\/lovelysmile.ch\/fr\/#website\"},\"datePublished\":\"2024-10-18T08:11:36+00:00\",\"dateModified\":\"2024-11-22T12:24:22+00:00\",\"breadcrumb\":{\"@id\":\"https:\/\/lovelysmile.ch\/fr\/mentions-legales\/#breadcrumb\"},\"inLanguage\":\"fr-FR\",\"potentialAction\":[{\"@type\":\"ReadAction\",\"target\":[\"https:\/\/lovelysmile.ch\/fr\/mentions-legales\/\"]}]},{\"@type\":\"BreadcrumbList\",\"@id\":\"https:\/\/lovelysmile.ch\/fr\/mentions-legales\/#breadcrumb\",\"itemListElement\":[{\"@type\":\"ListItem\",\"position\":1,\"name\":\"Home\",\"item\":\"https:\/\/lovelysmile.ch\/fr\/\"},{\"@type\":\"ListItem\",\"position\":2,\"name\":\"Mentions l\u00e9gales\"}]},{\"@type\":\"WebSite\",\"@id\":\"https:\/\/lovelysmile.ch\/fr\/#website\",\"url\":\"https:\/\/lovelysmile.ch\/fr\/\",\"name\":\"Lovely Smile\",\"description\":\"Wir stellen Zahnmedizin auf den Kopf\",\"publisher\":{\"@id\":\"https:\/\/lovelysmile.ch\/fr\/#organization\"},\"potentialAction\":[{\"@type\":\"SearchAction\",\"target\":{\"@type\":\"EntryPoint\",\"urlTemplate\":\"https:\/\/lovelysmile.ch\/fr\/?s={search_term_string}\"},\"query-input\":{\"@type\":\"PropertyValueSpecification\",\"valueRequired\":true,\"valueName\":\"search_term_string\"}}],\"inLanguage\":\"fr-FR\"},{\"@type\":\"Organization\",\"@id\":\"https:\/\/lovelysmile.ch\/fr\/#organization\",\"name\":\"Lovely Smile\",\"url\":\"https:\/\/lovelysmile.ch\/fr\/\",\"logo\":{\"@type\":\"ImageObject\",\"inLanguage\":\"fr-FR\",\"@id\":\"https:\/\/lovelysmile.ch\/fr\/#\/schema\/logo\/image\/\",\"url\":\"https:\/\/lovelysmile.ch\/wp-content\/uploads\/2024\/10\/LovelySmile_Logo_Horizontal-1.svg\",\"contentUrl\":\"https:\/\/lovelysmile.ch\/wp-content\/uploads\/2024\/10\/LovelySmile_Logo_Horizontal-1.svg\",\"width\":310,\"height\":65,\"caption\":\"Lovely Smile\"},\"image\":{\"@id\":\"https:\/\/lovelysmile.ch\/fr\/#\/schema\/logo\/image\/\"},\"sameAs\":[\"https:\/\/www.facebook.com\/lovelysmile.ch\",\"https:\/\/www.instagram.com\/lovelysmile\"]}]}<\/script>\n<!-- \/ Yoast SEO plugin. -->","yoast_head_json":{"title":"Mentions l\u00e9gales - Lovely Smile","robots":{"index":"index","follow":"follow","max-snippet":"max-snippet:-1","max-image-preview":"max-image-preview:large","max-video-preview":"max-video-preview:-1"},"canonical":"https:\/\/lovelysmile.ch\/fr\/mentions-legales\/","og_locale":"fr_FR","og_type":"article","og_title":"Mentions l\u00e9gales - Lovely Smile","og_description":"Adresse de contact Lovely Smile BernREGUSSchanzenstrasse 4a3008 Berninfo@lovelysmile.ch Conception, design et r\u00e9alisation Newsroom Communication AGScheibenstrasse 253014 Bernnewsroom.co Clause de non-responsabilit\u00e9 L&rsquo;auteur n&rsquo;assume aucune responsabilit\u00e9 quant \u00e0 la v\u00e9racit\u00e9, l&rsquo;exactitude, l&rsquo;actualit\u00e9, la fiabilit\u00e9 et l&rsquo;exhaustivit\u00e9 du contenu des informations. L&rsquo;auteur ne saurait \u00eatre tenu pour responsable des dommages mat\u00e9riels ou immat\u00e9riels qui pourraient \u00eatre caus\u00e9s par [&hellip;]","og_url":"https:\/\/lovelysmile.ch\/fr\/mentions-legales\/","og_site_name":"Lovely Smile","article_publisher":"https:\/\/www.facebook.com\/lovelysmile.ch","article_modified_time":"2024-11-22T12:24:22+00:00","og_image":[{"width":1920,"height":1080,"url":"https:\/\/lovelysmile.ch\/wp-content\/uploads\/2024\/11\/LovelySmile-OGImage.png","type":"image\/png"}],"twitter_card":"summary_large_image","twitter_misc":{"Dur\u00e9e de lecture estim\u00e9e":"2 minutes"},"schema":{"@context":"https:\/\/schema.org","@graph":[{"@type":"WebPage","@id":"https:\/\/lovelysmile.ch\/fr\/mentions-legales\/","url":"https:\/\/lovelysmile.ch\/fr\/mentions-legales\/","name":"Mentions l\u00e9gales - Lovely Smile","isPartOf":{"@id":"https:\/\/lovelysmile.ch\/fr\/#website"},"datePublished":"2024-10-18T08:11:36+00:00","dateModified":"2024-11-22T12:24:22+00:00","breadcrumb":{"@id":"https:\/\/lovelysmile.ch\/fr\/mentions-legales\/#breadcrumb"},"inLanguage":"fr-FR","potentialAction":[{"@type":"ReadAction","target":["https:\/\/lovelysmile.ch\/fr\/mentions-legales\/"]}]},{"@type":"BreadcrumbList","@id":"https:\/\/lovelysmile.ch\/fr\/mentions-legales\/#breadcrumb","itemListElement":[{"@type":"ListItem","position":1,"name":"Home","item":"https:\/\/lovelysmile.ch\/fr\/"},{"@type":"ListItem","position":2,"name":"Mentions l\u00e9gales"}]},{"@type":"WebSite","@id":"https:\/\/lovelysmile.ch\/fr\/#website","url":"https:\/\/lovelysmile.ch\/fr\/","name":"Lovely Smile","description":"Wir stellen Zahnmedizin auf den Kopf","publisher":{"@id":"https:\/\/lovelysmile.ch\/fr\/#organization"},"potentialAction":[{"@type":"SearchAction","target":{"@type":"EntryPoint","urlTemplate":"https:\/\/lovelysmile.ch\/fr\/?s={search_term_string}"},"query-input":{"@type":"PropertyValueSpecification","valueRequired":true,"valueName":"search_term_string"}}],"inLanguage":"fr-FR"},{"@type":"Organization","@id":"https:\/\/lovelysmile.ch\/fr\/#organization","name":"Lovely Smile","url":"https:\/\/lovelysmile.ch\/fr\/","logo":{"@type":"ImageObject","inLanguage":"fr-FR","@id":"https:\/\/lovelysmile.ch\/fr\/#\/schema\/logo\/image\/","url":"https:\/\/lovelysmile.ch\/wp-content\/uploads\/2024\/10\/LovelySmile_Logo_Horizontal-1.svg","contentUrl":"https:\/\/lovelysmile.ch\/wp-content\/uploads\/2024\/10\/LovelySmile_Logo_Horizontal-1.svg","width":310,"height":65,"caption":"Lovely Smile"},"image":{"@id":"https:\/\/lovelysmile.ch\/fr\/#\/schema\/logo\/image\/"},"sameAs":["https:\/\/www.facebook.com\/lovelysmile.ch","https:\/\/www.instagram.com\/lovelysmile"]}]}},"_links":{"self":[{"href":"https:\/\/lovelysmile.ch\/fr\/wp-json\/wp\/v2\/pages\/2773","targetHints":{"allow":["GET"]}}],"collection":[{"href":"https:\/\/lovelysmile.ch\/fr\/wp-json\/wp\/v2\/pages"}],"about":[{"href":"https:\/\/lovelysmile.ch\/fr\/wp-json\/wp\/v2\/types\/page"}],"author":[{"embeddable":true,"href":"https:\/\/lovelysmile.ch\/fr\/wp-json\/wp\/v2\/users\/1"}],"replies":[{"embeddable":true,"href":"https:\/\/lovelysmile.ch\/fr\/wp-json\/wp\/v2\/comments?post=2773"}],"version-history":[{"count":6,"href":"https:\/\/lovelysmile.ch\/fr\/wp-json\/wp\/v2\/pages\/2773\/revisions"}],"predecessor-version":[{"id":4639,"href":"https:\/\/lovelysmile.ch\/fr\/wp-json\/wp\/v2\/pages\/2773\/revisions\/4639"}],"wp:attachment":[{"href":"https:\/\/lovelysmile.ch\/fr\/wp-json\/wp\/v2\/media?parent=2773"}],"curies":[{"name":"wp","href":"https:\/\/api.w.org\/{rel}","templated":true}]}}