{"id":2769,"date":"2024-10-25T09:30:20","date_gmt":"2024-10-25T07:30:20","guid":{"rendered":"http:\/\/lovelysmile.ch\/abo-konditionen\/"},"modified":"2024-11-22T16:08:19","modified_gmt":"2024-11-22T15:08:19","slug":"conditions-abonnement","status":"publish","type":"page","link":"https:\/\/lovelysmile.ch\/fr\/conditions-abonnement\/","title":{"rendered":"Conditions g\u00e9n\u00e9rales de vente"},"content":{"rendered":"\n<p class=\"has-medium-font-size\">du 31 octobre 2024<\/p>\n\n<p><\/p>\n\n<h3 class=\"wp-block-heading\">1. G\u00e9n\u00e9ralit\u00e9s<\/h3>\n\n<ul class=\"wp-block-list\">\n<li>Les pr\u00e9sentes conditions g\u00e9n\u00e9rales de vente (ci-apr\u00e8s \u00ab CGV \u00bb) r\u00e9gissent, conjointement avec l&rsquo;abonnement pour l&rsquo;entretien des dents (ci-apr\u00e8s \u00ab abonnement \u00bb) conclu par le client et SWISS DENTAL NETWORK SA, les rapports juridiques entre SWISS DENTAL NETWORK SA et le client. Les pr\u00e9sentes CGV s&rsquo;appliquent entre SWISS DENTAL NETWORK SA et le client dans la forme en vigueur au moment de l&rsquo;ex\u00e9cution du traitement. <\/li>\n<\/ul>\n\n<h3 class=\"wp-block-heading\">2. R\u00e9servation de rendez-vous de traitement<\/h3>\n\n<ul class=\"wp-block-list\">\n<li>La r\u00e9servation d&rsquo;un rendez-vous de traitement peut s&rsquo;effectuer directement sur le site <a href=\"http:\/\/www.lovelysmile.ch\/fr\">www.lovelysmile.ch<\/a>.<\/li>\n<\/ul>\n\n<h3 class=\"wp-block-heading\">3. Traitement<\/h3>\n\n<ul class=\"wp-block-list\">\n<li>Le client s&rsquo;engage \u00e0 communiquer spontan\u00e9ment au m\u00e9decin-dentiste traitant, avant chaque rendez-vous, toutes les informations n\u00e9cessaires qui pourraient avoir une influence sur la prestation de service. Le m\u00e9decin-dentiste traitant doit notamment \u00eatre inform\u00e9 d&rsquo;\u00e9ventuels probl\u00e8mes de sant\u00e9, allergies, grossesse, stimulateur cardiaque, etc.  <\/li>\n\n\n\n<li>Les traitements du client sont r\u00e9alis\u00e9s conform\u00e9ment aux standards de la dentisterie. Un r\u00e9sultat de traitement sp\u00e9cifique ne peut \u00eatre garanti. Tout acte m\u00e9dical comporte certains risques, dont les plus fr\u00e9quents seront expliqu\u00e9s au client.   <\/li>\n\n\n\n<li>Si un traitement n&rsquo;a pas \u00e9t\u00e9 effectu\u00e9 \u00e0 la satisfaction du client, ce dernier doit en informer SWISS DENTAL NETWORK SA par \u00e9crit dans les 10 jours suivant le traitement.<\/li>\n<\/ul>\n\n<h3 class=\"wp-block-heading\">4. Annulation des rendez-vous de traitement r\u00e9serv\u00e9s<\/h3>\n\n<ul class=\"wp-block-list\">\n<li>Les rendez-vous r\u00e9serv\u00e9s sont contraignants et le temps convenu est r\u00e9serv\u00e9 pour le client. En cas d&#8217;emp\u00eachement, le client est donc pri\u00e9 d&rsquo;en informer le cabinet de LovelySmile \u00e0 temps, au moins 48 heures \u00e0 l&rsquo;avance, par e-mail sur <a href=\"mailto:info@lovelysmile.ch\">info@lovelysmile.ch<\/a>. Si l&rsquo;annulation du rendez-vous intervient tardivement ou si le client ne se pr\u00e9sente pas au rendez-vous sans avoir annul\u00e9 \u00e0 temps, SWISS DENTAL NETWORK SA se r\u00e9serve le droit de facturer au client une participation aux frais.  <\/li>\n\n\n\n<li>Pour les rendez-vous d&rsquo;une heure au maximum, la participation aux frais s&rsquo;\u00e9l\u00e8ve \u00e0 un montant forfaitaire de CHF 150.00<\/li>\n\n\n\n<li>Pour les rendez-vous de plus d&rsquo;une heure, la participation aux frais s&rsquo;\u00e9l\u00e8ve \u00e0 un montant forfaitaire de CHF 250.00<\/li>\n<\/ul>\n\n<h3 class=\"wp-block-heading\">5. Conditions de paiement<\/h3>\n\n<ul class=\"wp-block-list\">\n<li>Les conditions de paiement sont d\u00e9termin\u00e9es par l&rsquo;abonnement conclu entre SWISS DENTAL NETWORK SA et le client.<\/li>\n\n\n\n<li>Le premier rappel est gratuit. A partir du 2e rappel, des frais de rappel seront factur\u00e9s au client. <\/li>\n\n\n\n<li>En cas de non-paiement, des int\u00e9r\u00eats de retard de 5% (cinq pour cent) par an s\u2019appliquent d\u00e8s la date d\u2019\u00e9ch\u00e9ance.<\/li>\n\n\n\n<li>Si une facture de Swiss Dental Network SA n&rsquo;est pas pay\u00e9e malgr\u00e9 le 3e rappel, Swiss Dental Network SA se r\u00e9serve le droit d&rsquo;entamer le recouvrement par le biais de prestataires tiers.<\/li>\n\n\n\n<li>Le non-paiement des factures constitue un motif grave de r\u00e9siliation sans pr\u00e9avis.<\/li>\n<\/ul>\n\n<h3 class=\"wp-block-heading\">6. Responsabilit\u00e9<\/h3>\n\n<ul class=\"wp-block-list\">\n<li>La responsabilit\u00e9 du mandataire est limit\u00e9e \u00e0 la n\u00e9gligence grave ou au dol. Cela signifie en particulier que la responsabilit\u00e9 de SWISS DENTAL NETWORK SA pour faute l\u00e9g\u00e8re et pour violation du devoir de diligence par des auxiliaires ou des agents d&rsquo;ex\u00e9cution est exclue par les pr\u00e9sentes, dans la mesure o\u00f9 la loi le permet. <\/li>\n<\/ul>\n\n<h3 class=\"wp-block-heading\">7. Protection des donn\u00e9es<\/h3>\n\n<ul class=\"wp-block-list\">\n<li>La d\u00e9claration de protection des donn\u00e9es sur le site <a href=\"http:\/\/www.lovelysmile.ch\/fr\">www.lovelysmile.ch<\/a> informe le client sur le traitement et la protection des donn\u00e9es personnelles. Veuillez la lire attentivement. <\/li>\n\n\n\n<li>Le client accepte de recevoir des newsletters et autres communications.<\/li>\n\n\n\n<li>Sur demande \u00e9crite, SWISS DENTAL NETWORK SA s\u2019engage \u00e0 supprimer ces donn\u00e9es et \u00e0 arr\u00eater toute communication.<\/li>\n<\/ul>\n\n<h3 class=\"wp-block-heading\">8. Droit applicable et for juridique<\/h3>\n\n<ul class=\"wp-block-list\">\n<li>Le droit suisse est applicable, sans tenir compte du droit international priv\u00e9 suisse.<\/li>\n\n\n\n<li>Le for juridique est au si\u00e8ge de SWISS DENTAL NETWORK SA, au domicile du client ou \u00e0 Berne.<\/li>\n<\/ul>\n\n<h3 class=\"wp-block-heading\">9. Clause de sauvegarde<\/h3>\n\n<ul class=\"wp-block-list\">\n<li>Si des parties des pr\u00e9sentes CGV ou des parties des abonnements devaient \u00eatre nulles, la validit\u00e9 des autres dispositions n&rsquo;en serait pas affect\u00e9e. Les dispositions caduques sont remplac\u00e9es par analogie par les dispositions l\u00e9gales pertinentes ou, \u00e0 d\u00e9faut, par la volont\u00e9 pr\u00e9sum\u00e9e des parties. <\/li>\n<\/ul>\n\n<h3 class=\"wp-block-heading\">10. Modifications de contrat<\/h3>\n\n<ul class=\"wp-block-list\">\n<li>SWISS DENTAL NETWORK SA se r\u00e9serve le droit de modifier \u00e0 tout moment les pr\u00e9sentes CGV. Les modifications sont communiqu\u00e9es sous une forme appropri\u00e9e et sont consid\u00e9r\u00e9es comme accept\u00e9es si le client ne conteste pas par \u00e9crit dans les sept jours suivant leur r\u00e9ception. <\/li>\n<\/ul>\n\n<p><\/p>\n","protected":false},"excerpt":{"rendered":"<p>du 31 octobre 2024 1. G\u00e9n\u00e9ralit\u00e9s 2. R\u00e9servation de rendez-vous de traitement 3. Traitement 4. Annulation des rendez-vous de traitement r\u00e9serv\u00e9s 5. Conditions de paiement 6. Responsabilit\u00e9 7. Protection des donn\u00e9es 8. Droit applicable et for juridique 9. Clause de sauvegarde 10. Modifications de contrat<\/p>\n","protected":false},"author":1,"featured_media":0,"parent":0,"menu_order":0,"comment_status":"closed","ping_status":"closed","template":"","meta":{"inline_featured_image":false,"footnotes":""},"class_list":["post-2769","page","type-page","status-publish","hentry"],"yoast_head":"<!-- This site is optimized with the Yoast SEO plugin v27.2 - https:\/\/yoast.com\/product\/yoast-seo-wordpress\/ -->\n<title>Conditions g\u00e9n\u00e9rales de vente - Lovely Smile<\/title>\n<meta name=\"robots\" content=\"index, follow, max-snippet:-1, max-image-preview:large, max-video-preview:-1\" \/>\n<link rel=\"canonical\" href=\"https:\/\/lovelysmile.ch\/fr\/conditions-abonnement\/\" \/>\n<meta property=\"og:locale\" content=\"fr_FR\" \/>\n<meta property=\"og:type\" content=\"article\" \/>\n<meta property=\"og:title\" content=\"Conditions g\u00e9n\u00e9rales de vente - Lovely Smile\" \/>\n<meta property=\"og:description\" content=\"du 31 octobre 2024 1. G\u00e9n\u00e9ralit\u00e9s 2. R\u00e9servation de rendez-vous de traitement 3. Traitement 4. Annulation des rendez-vous de traitement r\u00e9serv\u00e9s 5. Conditions de paiement 6. Responsabilit\u00e9 7. Protection des donn\u00e9es 8. Droit applicable et for juridique 9. Clause de sauvegarde 10. Modifications de contrat\" \/>\n<meta property=\"og:url\" content=\"https:\/\/lovelysmile.ch\/fr\/conditions-abonnement\/\" \/>\n<meta property=\"og:site_name\" content=\"Lovely Smile\" \/>\n<meta property=\"article:publisher\" content=\"https:\/\/www.facebook.com\/lovelysmile.ch\" \/>\n<meta property=\"article:modified_time\" content=\"2024-11-22T15:08:19+00:00\" \/>\n<meta property=\"og:image\" content=\"https:\/\/lovelysmile.ch\/wp-content\/uploads\/2024\/11\/LovelySmile-OGImage.png\" \/>\n\t<meta property=\"og:image:width\" content=\"1920\" \/>\n\t<meta property=\"og:image:height\" content=\"1080\" \/>\n\t<meta property=\"og:image:type\" content=\"image\/png\" \/>\n<meta name=\"twitter:card\" content=\"summary_large_image\" \/>\n<script type=\"application\/ld+json\" class=\"yoast-schema-graph\">{\"@context\":\"https:\/\/schema.org\",\"@graph\":[{\"@type\":\"WebPage\",\"@id\":\"https:\/\/lovelysmile.ch\/fr\/conditions-abonnement\/\",\"url\":\"https:\/\/lovelysmile.ch\/fr\/conditions-abonnement\/\",\"name\":\"Conditions g\u00e9n\u00e9rales de vente - Lovely Smile\",\"isPartOf\":{\"@id\":\"https:\/\/lovelysmile.ch\/fr\/#website\"},\"datePublished\":\"2024-10-25T07:30:20+00:00\",\"dateModified\":\"2024-11-22T15:08:19+00:00\",\"breadcrumb\":{\"@id\":\"https:\/\/lovelysmile.ch\/fr\/conditions-abonnement\/#breadcrumb\"},\"inLanguage\":\"fr-FR\",\"potentialAction\":[{\"@type\":\"ReadAction\",\"target\":[\"https:\/\/lovelysmile.ch\/fr\/conditions-abonnement\/\"]}]},{\"@type\":\"BreadcrumbList\",\"@id\":\"https:\/\/lovelysmile.ch\/fr\/conditions-abonnement\/#breadcrumb\",\"itemListElement\":[{\"@type\":\"ListItem\",\"position\":1,\"name\":\"Home\",\"item\":\"https:\/\/lovelysmile.ch\/fr\/\"},{\"@type\":\"ListItem\",\"position\":2,\"name\":\"Conditions g\u00e9n\u00e9rales de vente\"}]},{\"@type\":\"WebSite\",\"@id\":\"https:\/\/lovelysmile.ch\/fr\/#website\",\"url\":\"https:\/\/lovelysmile.ch\/fr\/\",\"name\":\"Lovely Smile\",\"description\":\"Wir stellen Zahnmedizin auf den Kopf\",\"publisher\":{\"@id\":\"https:\/\/lovelysmile.ch\/fr\/#organization\"},\"potentialAction\":[{\"@type\":\"SearchAction\",\"target\":{\"@type\":\"EntryPoint\",\"urlTemplate\":\"https:\/\/lovelysmile.ch\/fr\/?s={search_term_string}\"},\"query-input\":{\"@type\":\"PropertyValueSpecification\",\"valueRequired\":true,\"valueName\":\"search_term_string\"}}],\"inLanguage\":\"fr-FR\"},{\"@type\":\"Organization\",\"@id\":\"https:\/\/lovelysmile.ch\/fr\/#organization\",\"name\":\"Lovely Smile\",\"url\":\"https:\/\/lovelysmile.ch\/fr\/\",\"logo\":{\"@type\":\"ImageObject\",\"inLanguage\":\"fr-FR\",\"@id\":\"https:\/\/lovelysmile.ch\/fr\/#\/schema\/logo\/image\/\",\"url\":\"https:\/\/lovelysmile.ch\/wp-content\/uploads\/2024\/10\/LovelySmile_Logo_Horizontal-1.svg\",\"contentUrl\":\"https:\/\/lovelysmile.ch\/wp-content\/uploads\/2024\/10\/LovelySmile_Logo_Horizontal-1.svg\",\"width\":310,\"height\":65,\"caption\":\"Lovely Smile\"},\"image\":{\"@id\":\"https:\/\/lovelysmile.ch\/fr\/#\/schema\/logo\/image\/\"},\"sameAs\":[\"https:\/\/www.facebook.com\/lovelysmile.ch\",\"https:\/\/www.instagram.com\/lovelysmile\"]}]}<\/script>\n<!-- \/ Yoast SEO plugin. -->","yoast_head_json":{"title":"Conditions g\u00e9n\u00e9rales de vente - Lovely Smile","robots":{"index":"index","follow":"follow","max-snippet":"max-snippet:-1","max-image-preview":"max-image-preview:large","max-video-preview":"max-video-preview:-1"},"canonical":"https:\/\/lovelysmile.ch\/fr\/conditions-abonnement\/","og_locale":"fr_FR","og_type":"article","og_title":"Conditions g\u00e9n\u00e9rales de vente - Lovely Smile","og_description":"du 31 octobre 2024 1. G\u00e9n\u00e9ralit\u00e9s 2. R\u00e9servation de rendez-vous de traitement 3. Traitement 4. Annulation des rendez-vous de traitement r\u00e9serv\u00e9s 5. Conditions de paiement 6. Responsabilit\u00e9 7. Protection des donn\u00e9es 8. Droit applicable et for juridique 9. Clause de sauvegarde 10. Modifications de contrat","og_url":"https:\/\/lovelysmile.ch\/fr\/conditions-abonnement\/","og_site_name":"Lovely Smile","article_publisher":"https:\/\/www.facebook.com\/lovelysmile.ch","article_modified_time":"2024-11-22T15:08:19+00:00","og_image":[{"width":1920,"height":1080,"url":"https:\/\/lovelysmile.ch\/wp-content\/uploads\/2024\/11\/LovelySmile-OGImage.png","type":"image\/png"}],"twitter_card":"summary_large_image","schema":{"@context":"https:\/\/schema.org","@graph":[{"@type":"WebPage","@id":"https:\/\/lovelysmile.ch\/fr\/conditions-abonnement\/","url":"https:\/\/lovelysmile.ch\/fr\/conditions-abonnement\/","name":"Conditions g\u00e9n\u00e9rales de vente - Lovely Smile","isPartOf":{"@id":"https:\/\/lovelysmile.ch\/fr\/#website"},"datePublished":"2024-10-25T07:30:20+00:00","dateModified":"2024-11-22T15:08:19+00:00","breadcrumb":{"@id":"https:\/\/lovelysmile.ch\/fr\/conditions-abonnement\/#breadcrumb"},"inLanguage":"fr-FR","potentialAction":[{"@type":"ReadAction","target":["https:\/\/lovelysmile.ch\/fr\/conditions-abonnement\/"]}]},{"@type":"BreadcrumbList","@id":"https:\/\/lovelysmile.ch\/fr\/conditions-abonnement\/#breadcrumb","itemListElement":[{"@type":"ListItem","position":1,"name":"Home","item":"https:\/\/lovelysmile.ch\/fr\/"},{"@type":"ListItem","position":2,"name":"Conditions g\u00e9n\u00e9rales de vente"}]},{"@type":"WebSite","@id":"https:\/\/lovelysmile.ch\/fr\/#website","url":"https:\/\/lovelysmile.ch\/fr\/","name":"Lovely Smile","description":"Wir stellen Zahnmedizin auf den Kopf","publisher":{"@id":"https:\/\/lovelysmile.ch\/fr\/#organization"},"potentialAction":[{"@type":"SearchAction","target":{"@type":"EntryPoint","urlTemplate":"https:\/\/lovelysmile.ch\/fr\/?s={search_term_string}"},"query-input":{"@type":"PropertyValueSpecification","valueRequired":true,"valueName":"search_term_string"}}],"inLanguage":"fr-FR"},{"@type":"Organization","@id":"https:\/\/lovelysmile.ch\/fr\/#organization","name":"Lovely Smile","url":"https:\/\/lovelysmile.ch\/fr\/","logo":{"@type":"ImageObject","inLanguage":"fr-FR","@id":"https:\/\/lovelysmile.ch\/fr\/#\/schema\/logo\/image\/","url":"https:\/\/lovelysmile.ch\/wp-content\/uploads\/2024\/10\/LovelySmile_Logo_Horizontal-1.svg","contentUrl":"https:\/\/lovelysmile.ch\/wp-content\/uploads\/2024\/10\/LovelySmile_Logo_Horizontal-1.svg","width":310,"height":65,"caption":"Lovely Smile"},"image":{"@id":"https:\/\/lovelysmile.ch\/fr\/#\/schema\/logo\/image\/"},"sameAs":["https:\/\/www.facebook.com\/lovelysmile.ch","https:\/\/www.instagram.com\/lovelysmile"]}]}},"_links":{"self":[{"href":"https:\/\/lovelysmile.ch\/fr\/wp-json\/wp\/v2\/pages\/2769","targetHints":{"allow":["GET"]}}],"collection":[{"href":"https:\/\/lovelysmile.ch\/fr\/wp-json\/wp\/v2\/pages"}],"about":[{"href":"https:\/\/lovelysmile.ch\/fr\/wp-json\/wp\/v2\/types\/page"}],"author":[{"embeddable":true,"href":"https:\/\/lovelysmile.ch\/fr\/wp-json\/wp\/v2\/users\/1"}],"replies":[{"embeddable":true,"href":"https:\/\/lovelysmile.ch\/fr\/wp-json\/wp\/v2\/comments?post=2769"}],"version-history":[{"count":9,"href":"https:\/\/lovelysmile.ch\/fr\/wp-json\/wp\/v2\/pages\/2769\/revisions"}],"predecessor-version":[{"id":4906,"href":"https:\/\/lovelysmile.ch\/fr\/wp-json\/wp\/v2\/pages\/2769\/revisions\/4906"}],"wp:attachment":[{"href":"https:\/\/lovelysmile.ch\/fr\/wp-json\/wp\/v2\/media?parent=2769"}],"curies":[{"name":"wp","href":"https:\/\/api.w.org\/{rel}","templated":true}]}}