{"id":2768,"date":"2024-10-25T09:56:50","date_gmt":"2024-10-25T07:56:50","guid":{"rendered":"http:\/\/lovelysmile.ch\/danke-fuer-ihre-anmeldung\/"},"modified":"2024-12-17T17:51:27","modified_gmt":"2024-12-17T16:51:27","slug":"danke-fuer-ihre-anmeldung","status":"publish","type":"page","link":"https:\/\/lovelysmile.ch\/fr\/danke-fuer-ihre-anmeldung\/","title":{"rendered":"Merci pour votre inscription"},"content":{"rendered":"\t\t<div data-elementor-type=\"wp-page\" data-elementor-id=\"2768\" class=\"elementor elementor-2768 elementor-2136\" data-elementor-post-type=\"page\">\n\t\t\t\t<div class=\"elementor-element elementor-element-e3901f9 e-flex e-con-boxed e-con e-parent\" data-id=\"e3901f9\" data-element_type=\"container\" data-e-type=\"container\" data-settings=\"{&quot;background_background&quot;:&quot;classic&quot;,&quot;jet_parallax_layout_list&quot;:[]}\">\n\t\t\t\t\t<div class=\"e-con-inner\">\n\t\t<div class=\"elementor-element elementor-element-cbc9707 animated-slow e-flex e-con-boxed elementor-invisible e-con e-child\" data-id=\"cbc9707\" data-element_type=\"container\" data-e-type=\"container\" data-settings=\"{&quot;background_background&quot;:&quot;classic&quot;,&quot;motion_fx_motion_fx_mouse&quot;:&quot;yes&quot;,&quot;animation&quot;:&quot;fadeIn&quot;,&quot;jet_parallax_layout_list&quot;:[]}\">\n\t\t\t\t\t<div class=\"e-con-inner\">\n\t\t\t\t<div class=\"elementor-element elementor-element-17d7693 elementor-widget elementor-widget-heading\" data-id=\"17d7693\" data-element_type=\"widget\" data-e-type=\"widget\" data-widget_type=\"heading.default\">\n\t\t\t\t\t<h2 class=\"elementor-heading-title elementor-size-default\">Merci pour votre inscription<\/h2>\t\t\t\t<\/div>\n\t\t\t\t\t<\/div>\n\t\t\t\t<\/div>\n\t\t\t\t\t<\/div>\n\t\t\t\t<\/div>\n\t\t<div class=\"elementor-element elementor-element-b6d1bcd e-flex e-con-boxed e-con e-parent\" data-id=\"b6d1bcd\" data-element_type=\"container\" data-e-type=\"container\" data-settings=\"{&quot;jet_parallax_layout_list&quot;:[]}\">\n\t\t\t\t\t<div class=\"e-con-inner\">\n\t\t\t\t<div class=\"elementor-element elementor-element-647f61c elementor-widget elementor-widget-text-editor\" data-id=\"647f61c\" data-element_type=\"widget\" data-e-type=\"widget\" data-widget_type=\"text-editor.default\">\n\t\t\t\t\t\t\t\t\t<p>Que se passe-t-il ensuite ? L&rsquo;\u00e9tape suivante de votre abonnement est votre premi\u00e8re s\u00e9ance d&rsquo;abonnement : nous examinons minutieusement votre sant\u00e9 dentaire et d\u00e9terminons quelles surfaces dentaires sont incluses dans l&rsquo;abonnement. <\/p>\n<p>Apr\u00e8s cet \u00e9tat des lieux, vous aurez un aper\u00e7u pr\u00e9cis et nous planifierons ensemble vos futurs rendez-vous &#8211; pour un sourire sain et sans souci.<\/p>\n<p>R\u00e9servez d\u00e8s maintenant votre premier rendez-vous et commencez votre parcours vers des dents saines avec Lovely Smile !<\/p>\t\t\t\t\t\t\t\t<\/div>\n\t\t\t\t<div class=\"elementor-element elementor-element-b72b758 elementor-widget elementor-widget-button\" data-id=\"b72b758\" data-element_type=\"widget\" data-e-type=\"widget\" data-widget_type=\"button.default\">\n\t\t\t\t\t\t\t\t\t\t<a class=\"elementor-button elementor-button-link elementor-size-sm\" href=\"https:\/\/connect.shore.com\/bookings\/lovelysmile-cornavin-spaces\/locations?locale=fr\">\n\t\t\t\t\t\t<span class=\"elementor-button-content-wrapper\">\n\t\t\t\t\t\t\t\t\t<span class=\"elementor-button-text\">R\u00e9server un rendez-vous<\/span>\n\t\t\t\t\t<\/span>\n\t\t\t\t\t<\/a>\n\t\t\t\t\t\t\t\t<\/div>\n\t\t\t\t\t<\/div>\n\t\t\t\t<\/div>\n\t\t<div class=\"elementor-element elementor-element-dec5db3 box e-flex e-con-boxed e-con e-parent\" data-id=\"dec5db3\" data-element_type=\"container\" data-e-type=\"container\" data-settings=\"{&quot;jet_parallax_layout_list&quot;:[]}\">\n\t\t\t\t\t<div class=\"e-con-inner\">\n\t\t<div class=\"elementor-element elementor-element-8edb455 e-con-full e-flex e-con e-child\" data-id=\"8edb455\" data-element_type=\"container\" data-e-type=\"container\" data-settings=\"{&quot;jet_parallax_layout_list&quot;:[]}\">\n\t\t\t\t<div class=\"elementor-element elementor-element-fd7e375 elementor-absolute pulsating-block elementor-hidden-mobile elementor-widget elementor-widget-image\" data-id=\"fd7e375\" data-element_type=\"widget\" data-e-type=\"widget\" data-settings=\"{&quot;_position&quot;:&quot;absolute&quot;}\" data-widget_type=\"image.default\">\n\t\t\t\t\t\t\t\t\t\t\t\t\t\t\t<img decoding=\"async\" width=\"1\" height=\"1\" src=\"https:\/\/lovelysmile.ch\/wp-content\/uploads\/2024\/10\/funkelnd-2-2.svg\" class=\"attachment-large size-large wp-image-266\" alt=\"\" \/>\t\t\t\t\t\t\t\t\t\t\t\t\t\t\t<\/div>\n\t\t\t\t<div class=\"elementor-element elementor-element-54a4184 elementor-widget elementor-widget-heading\" data-id=\"54a4184\" data-element_type=\"widget\" data-e-type=\"widget\" data-widget_type=\"heading.default\">\n\t\t\t\t\t<h2 class=\"elementor-heading-title elementor-size-default\">10 raisons pour<br>Lovely Smile<\/h2>\t\t\t\t<\/div>\n\t\t\t\t<div class=\"elementor-element elementor-element-1a6b516 animated-slow elementor-align-center elementor-invisible elementor-widget elementor-widget-button\" data-id=\"1a6b516\" data-element_type=\"widget\" data-e-type=\"widget\" data-settings=\"{&quot;_animation&quot;:&quot;fadeInUp&quot;}\" data-widget_type=\"button.default\">\n\t\t\t\t\t\t\t\t\t\t<a class=\"elementor-button elementor-button-link elementor-size-sm\" href=\"https:\/\/lovelysmile.ch\/fr\/avantages\/\" target=\"_blank\" rel=\"nofollow\">\n\t\t\t\t\t\t<span class=\"elementor-button-content-wrapper\">\n\t\t\t\t\t\t\t\t\t<span class=\"elementor-button-text\">D\u00e9couvrir maintenant<\/span>\n\t\t\t\t\t<\/span>\n\t\t\t\t\t<\/a>\n\t\t\t\t\t\t\t\t<\/div>\n\t\t\t\t<div class=\"elementor-element elementor-element-e171ef5 elementor-absolute pulsating-block elementor-widget elementor-widget-image\" data-id=\"e171ef5\" data-element_type=\"widget\" data-e-type=\"widget\" data-settings=\"{&quot;_position&quot;:&quot;absolute&quot;}\" data-widget_type=\"image.default\">\n\t\t\t\t\t\t\t\t\t\t\t\t\t\t\t<img decoding=\"async\" width=\"1\" height=\"1\" src=\"https:\/\/lovelysmile.ch\/wp-content\/uploads\/2024\/10\/funkelnd-5.svg\" class=\"attachment-large size-large wp-image-271\" alt=\"\" \/>\t\t\t\t\t\t\t\t\t\t\t\t\t\t\t<\/div>\n\t\t\t\t<div class=\"elementor-element elementor-element-a263b6b elementor-absolute pulsating-block elementor-widget elementor-widget-image\" data-id=\"a263b6b\" data-element_type=\"widget\" data-e-type=\"widget\" data-settings=\"{&quot;_position&quot;:&quot;absolute&quot;}\" data-widget_type=\"image.default\">\n\t\t\t\t\t\t\t\t\t\t\t\t\t\t\t<img decoding=\"async\" width=\"1\" height=\"1\" src=\"https:\/\/lovelysmile.ch\/wp-content\/uploads\/2024\/10\/Vector-4.svg\" class=\"attachment-large size-large wp-image-273\" alt=\"\" \/>\t\t\t\t\t\t\t\t\t\t\t\t\t\t\t<\/div>\n\t\t\t\t<\/div>\n\t\t\t\t\t<\/div>\n\t\t\t\t<\/div>\n\t\t\t\t<\/div>\n\t\t","protected":false},"excerpt":{"rendered":"<p>Que se passe-t-il ensuite ? L&rsquo;\u00e9tape suivante de votre abonnement est votre premi\u00e8re s\u00e9ance d&rsquo;abonnement : nous examinons minutieusement votre sant\u00e9 dentaire et d\u00e9terminons quelles surfaces dentaires sont incluses dans l&rsquo;abonnement. Apr\u00e8s cet \u00e9tat des lieux, vous aurez un aper\u00e7u pr\u00e9cis et nous planifierons ensemble vos futurs rendez-vous &#8211; pour un sourire sain et sans [&hellip;]<\/p>\n","protected":false},"author":1,"featured_media":0,"parent":0,"menu_order":0,"comment_status":"closed","ping_status":"closed","template":"elementor_header_footer","meta":{"inline_featured_image":false,"footnotes":""},"class_list":["post-2768","page","type-page","status-publish","hentry"],"yoast_head":"<!-- This site is optimized with the Yoast SEO plugin v27.5 - https:\/\/yoast.com\/product\/yoast-seo-wordpress\/ -->\n<title>Merci pour votre inscription - Lovely Smile<\/title>\n<meta name=\"robots\" content=\"index, follow, max-snippet:-1, max-image-preview:large, max-video-preview:-1\" \/>\n<link rel=\"canonical\" href=\"https:\/\/lovelysmile.ch\/fr\/danke-fuer-ihre-anmeldung\/\" \/>\n<meta property=\"og:locale\" content=\"fr_FR\" \/>\n<meta property=\"og:type\" content=\"article\" \/>\n<meta property=\"og:title\" content=\"Merci pour votre inscription - Lovely Smile\" \/>\n<meta property=\"og:description\" content=\"Que se passe-t-il ensuite ? L&rsquo;\u00e9tape suivante de votre abonnement est votre premi\u00e8re s\u00e9ance d&rsquo;abonnement : nous examinons minutieusement votre sant\u00e9 dentaire et d\u00e9terminons quelles surfaces dentaires sont incluses dans l&rsquo;abonnement. Apr\u00e8s cet \u00e9tat des lieux, vous aurez un aper\u00e7u pr\u00e9cis et nous planifierons ensemble vos futurs rendez-vous &#8211; pour un sourire sain et sans [&hellip;]\" \/>\n<meta property=\"og:url\" content=\"https:\/\/lovelysmile.ch\/fr\/danke-fuer-ihre-anmeldung\/\" \/>\n<meta property=\"og:site_name\" content=\"Lovely Smile\" \/>\n<meta property=\"article:publisher\" content=\"https:\/\/www.facebook.com\/lovelysmile.ch\" \/>\n<meta property=\"article:modified_time\" content=\"2024-12-17T16:51:27+00:00\" \/>\n<meta property=\"og:image\" content=\"https:\/\/lovelysmile.ch\/wp-content\/uploads\/2024\/11\/LovelySmile-OGImage.png\" \/>\n\t<meta property=\"og:image:width\" content=\"1920\" \/>\n\t<meta property=\"og:image:height\" content=\"1080\" \/>\n\t<meta property=\"og:image:type\" content=\"image\/png\" \/>\n<meta name=\"twitter:card\" content=\"summary_large_image\" \/>\n<meta name=\"twitter:label1\" content=\"Dur\u00e9e de lecture estim\u00e9e\" \/>\n\t<meta name=\"twitter:data1\" content=\"2 minutes\" \/>\n<script type=\"application\/ld+json\" class=\"yoast-schema-graph\">{\"@context\":\"https:\\\/\\\/schema.org\",\"@graph\":[{\"@type\":\"WebPage\",\"@id\":\"https:\\\/\\\/lovelysmile.ch\\\/fr\\\/danke-fuer-ihre-anmeldung\\\/\",\"url\":\"https:\\\/\\\/lovelysmile.ch\\\/fr\\\/danke-fuer-ihre-anmeldung\\\/\",\"name\":\"Merci pour votre inscription - Lovely Smile\",\"isPartOf\":{\"@id\":\"https:\\\/\\\/lovelysmile.ch\\\/fr\\\/#website\"},\"primaryImageOfPage\":{\"@id\":\"https:\\\/\\\/lovelysmile.ch\\\/fr\\\/danke-fuer-ihre-anmeldung\\\/#primaryimage\"},\"image\":{\"@id\":\"https:\\\/\\\/lovelysmile.ch\\\/fr\\\/danke-fuer-ihre-anmeldung\\\/#primaryimage\"},\"thumbnailUrl\":\"https:\\\/\\\/lovelysmile.ch\\\/wp-content\\\/uploads\\\/2024\\\/10\\\/funkelnd-2-2.svg\",\"datePublished\":\"2024-10-25T07:56:50+00:00\",\"dateModified\":\"2024-12-17T16:51:27+00:00\",\"breadcrumb\":{\"@id\":\"https:\\\/\\\/lovelysmile.ch\\\/fr\\\/danke-fuer-ihre-anmeldung\\\/#breadcrumb\"},\"inLanguage\":\"fr-FR\",\"potentialAction\":[{\"@type\":\"ReadAction\",\"target\":[\"https:\\\/\\\/lovelysmile.ch\\\/fr\\\/danke-fuer-ihre-anmeldung\\\/\"]}]},{\"@type\":\"ImageObject\",\"inLanguage\":\"fr-FR\",\"@id\":\"https:\\\/\\\/lovelysmile.ch\\\/fr\\\/danke-fuer-ihre-anmeldung\\\/#primaryimage\",\"url\":\"https:\\\/\\\/lovelysmile.ch\\\/wp-content\\\/uploads\\\/2024\\\/10\\\/funkelnd-2-2.svg\",\"contentUrl\":\"https:\\\/\\\/lovelysmile.ch\\\/wp-content\\\/uploads\\\/2024\\\/10\\\/funkelnd-2-2.svg\"},{\"@type\":\"BreadcrumbList\",\"@id\":\"https:\\\/\\\/lovelysmile.ch\\\/fr\\\/danke-fuer-ihre-anmeldung\\\/#breadcrumb\",\"itemListElement\":[{\"@type\":\"ListItem\",\"position\":1,\"name\":\"Home\",\"item\":\"https:\\\/\\\/lovelysmile.ch\\\/fr\\\/\"},{\"@type\":\"ListItem\",\"position\":2,\"name\":\"Merci pour votre inscription\"}]},{\"@type\":\"WebSite\",\"@id\":\"https:\\\/\\\/lovelysmile.ch\\\/fr\\\/#website\",\"url\":\"https:\\\/\\\/lovelysmile.ch\\\/fr\\\/\",\"name\":\"Lovely Smile\",\"description\":\"Wir stellen Zahnmedizin auf den Kopf\",\"publisher\":{\"@id\":\"https:\\\/\\\/lovelysmile.ch\\\/fr\\\/#organization\"},\"potentialAction\":[{\"@type\":\"SearchAction\",\"target\":{\"@type\":\"EntryPoint\",\"urlTemplate\":\"https:\\\/\\\/lovelysmile.ch\\\/fr\\\/?s={search_term_string}\"},\"query-input\":{\"@type\":\"PropertyValueSpecification\",\"valueRequired\":true,\"valueName\":\"search_term_string\"}}],\"inLanguage\":\"fr-FR\"},{\"@type\":\"Organization\",\"@id\":\"https:\\\/\\\/lovelysmile.ch\\\/fr\\\/#organization\",\"name\":\"Lovely Smile\",\"url\":\"https:\\\/\\\/lovelysmile.ch\\\/fr\\\/\",\"logo\":{\"@type\":\"ImageObject\",\"inLanguage\":\"fr-FR\",\"@id\":\"https:\\\/\\\/lovelysmile.ch\\\/fr\\\/#\\\/schema\\\/logo\\\/image\\\/\",\"url\":\"https:\\\/\\\/lovelysmile.ch\\\/wp-content\\\/uploads\\\/2024\\\/10\\\/LovelySmile_Logo_Horizontal-1.svg\",\"contentUrl\":\"https:\\\/\\\/lovelysmile.ch\\\/wp-content\\\/uploads\\\/2024\\\/10\\\/LovelySmile_Logo_Horizontal-1.svg\",\"width\":310,\"height\":65,\"caption\":\"Lovely Smile\"},\"image\":{\"@id\":\"https:\\\/\\\/lovelysmile.ch\\\/fr\\\/#\\\/schema\\\/logo\\\/image\\\/\"},\"sameAs\":[\"https:\\\/\\\/www.facebook.com\\\/lovelysmile.ch\",\"https:\\\/\\\/www.instagram.com\\\/lovelysmile\"]}]}<\/script>\n<!-- \/ Yoast SEO plugin. -->","yoast_head_json":{"title":"Merci pour votre inscription - Lovely Smile","robots":{"index":"index","follow":"follow","max-snippet":"max-snippet:-1","max-image-preview":"max-image-preview:large","max-video-preview":"max-video-preview:-1"},"canonical":"https:\/\/lovelysmile.ch\/fr\/danke-fuer-ihre-anmeldung\/","og_locale":"fr_FR","og_type":"article","og_title":"Merci pour votre inscription - Lovely Smile","og_description":"Que se passe-t-il ensuite ? L&rsquo;\u00e9tape suivante de votre abonnement est votre premi\u00e8re s\u00e9ance d&rsquo;abonnement : nous examinons minutieusement votre sant\u00e9 dentaire et d\u00e9terminons quelles surfaces dentaires sont incluses dans l&rsquo;abonnement. Apr\u00e8s cet \u00e9tat des lieux, vous aurez un aper\u00e7u pr\u00e9cis et nous planifierons ensemble vos futurs rendez-vous &#8211; pour un sourire sain et sans [&hellip;]","og_url":"https:\/\/lovelysmile.ch\/fr\/danke-fuer-ihre-anmeldung\/","og_site_name":"Lovely Smile","article_publisher":"https:\/\/www.facebook.com\/lovelysmile.ch","article_modified_time":"2024-12-17T16:51:27+00:00","og_image":[{"width":1920,"height":1080,"url":"https:\/\/lovelysmile.ch\/wp-content\/uploads\/2024\/11\/LovelySmile-OGImage.png","type":"image\/png"}],"twitter_card":"summary_large_image","twitter_misc":{"Dur\u00e9e de lecture estim\u00e9e":"2 minutes"},"schema":{"@context":"https:\/\/schema.org","@graph":[{"@type":"WebPage","@id":"https:\/\/lovelysmile.ch\/fr\/danke-fuer-ihre-anmeldung\/","url":"https:\/\/lovelysmile.ch\/fr\/danke-fuer-ihre-anmeldung\/","name":"Merci pour votre inscription - Lovely Smile","isPartOf":{"@id":"https:\/\/lovelysmile.ch\/fr\/#website"},"primaryImageOfPage":{"@id":"https:\/\/lovelysmile.ch\/fr\/danke-fuer-ihre-anmeldung\/#primaryimage"},"image":{"@id":"https:\/\/lovelysmile.ch\/fr\/danke-fuer-ihre-anmeldung\/#primaryimage"},"thumbnailUrl":"https:\/\/lovelysmile.ch\/wp-content\/uploads\/2024\/10\/funkelnd-2-2.svg","datePublished":"2024-10-25T07:56:50+00:00","dateModified":"2024-12-17T16:51:27+00:00","breadcrumb":{"@id":"https:\/\/lovelysmile.ch\/fr\/danke-fuer-ihre-anmeldung\/#breadcrumb"},"inLanguage":"fr-FR","potentialAction":[{"@type":"ReadAction","target":["https:\/\/lovelysmile.ch\/fr\/danke-fuer-ihre-anmeldung\/"]}]},{"@type":"ImageObject","inLanguage":"fr-FR","@id":"https:\/\/lovelysmile.ch\/fr\/danke-fuer-ihre-anmeldung\/#primaryimage","url":"https:\/\/lovelysmile.ch\/wp-content\/uploads\/2024\/10\/funkelnd-2-2.svg","contentUrl":"https:\/\/lovelysmile.ch\/wp-content\/uploads\/2024\/10\/funkelnd-2-2.svg"},{"@type":"BreadcrumbList","@id":"https:\/\/lovelysmile.ch\/fr\/danke-fuer-ihre-anmeldung\/#breadcrumb","itemListElement":[{"@type":"ListItem","position":1,"name":"Home","item":"https:\/\/lovelysmile.ch\/fr\/"},{"@type":"ListItem","position":2,"name":"Merci pour votre inscription"}]},{"@type":"WebSite","@id":"https:\/\/lovelysmile.ch\/fr\/#website","url":"https:\/\/lovelysmile.ch\/fr\/","name":"Lovely Smile","description":"Wir stellen Zahnmedizin auf den Kopf","publisher":{"@id":"https:\/\/lovelysmile.ch\/fr\/#organization"},"potentialAction":[{"@type":"SearchAction","target":{"@type":"EntryPoint","urlTemplate":"https:\/\/lovelysmile.ch\/fr\/?s={search_term_string}"},"query-input":{"@type":"PropertyValueSpecification","valueRequired":true,"valueName":"search_term_string"}}],"inLanguage":"fr-FR"},{"@type":"Organization","@id":"https:\/\/lovelysmile.ch\/fr\/#organization","name":"Lovely Smile","url":"https:\/\/lovelysmile.ch\/fr\/","logo":{"@type":"ImageObject","inLanguage":"fr-FR","@id":"https:\/\/lovelysmile.ch\/fr\/#\/schema\/logo\/image\/","url":"https:\/\/lovelysmile.ch\/wp-content\/uploads\/2024\/10\/LovelySmile_Logo_Horizontal-1.svg","contentUrl":"https:\/\/lovelysmile.ch\/wp-content\/uploads\/2024\/10\/LovelySmile_Logo_Horizontal-1.svg","width":310,"height":65,"caption":"Lovely Smile"},"image":{"@id":"https:\/\/lovelysmile.ch\/fr\/#\/schema\/logo\/image\/"},"sameAs":["https:\/\/www.facebook.com\/lovelysmile.ch","https:\/\/www.instagram.com\/lovelysmile"]}]}},"_links":{"self":[{"href":"https:\/\/lovelysmile.ch\/fr\/wp-json\/wp\/v2\/pages\/2768","targetHints":{"allow":["GET"]}}],"collection":[{"href":"https:\/\/lovelysmile.ch\/fr\/wp-json\/wp\/v2\/pages"}],"about":[{"href":"https:\/\/lovelysmile.ch\/fr\/wp-json\/wp\/v2\/types\/page"}],"author":[{"embeddable":true,"href":"https:\/\/lovelysmile.ch\/fr\/wp-json\/wp\/v2\/users\/1"}],"replies":[{"embeddable":true,"href":"https:\/\/lovelysmile.ch\/fr\/wp-json\/wp\/v2\/comments?post=2768"}],"version-history":[{"count":10,"href":"https:\/\/lovelysmile.ch\/fr\/wp-json\/wp\/v2\/pages\/2768\/revisions"}],"predecessor-version":[{"id":5368,"href":"https:\/\/lovelysmile.ch\/fr\/wp-json\/wp\/v2\/pages\/2768\/revisions\/5368"}],"wp:attachment":[{"href":"https:\/\/lovelysmile.ch\/fr\/wp-json\/wp\/v2\/media?parent=2768"}],"curies":[{"name":"wp","href":"https:\/\/api.w.org\/{rel}","templated":true}]}}